{"id":4056,"date":"2025-07-02T10:18:33","date_gmt":"2025-07-02T10:18:33","guid":{"rendered":"https:\/\/maximrealestate.es\/?page_id=4056"},"modified":"2025-07-02T11:15:31","modified_gmt":"2025-07-02T11:15:31","slug":"blog-2","status":"publish","type":"page","link":"https:\/\/maximrealestate.es\/cs\/blog-2\/","title":{"rendered":"Blog"},"content":{"rendered":"<div data-elementor-type=\"wp-page\" data-elementor-id=\"4056\" class=\"elementor elementor-4056\">\n\t\t\t\t<div class=\"elementor-element elementor-element-2010afa e-flex e-con-boxed e-con e-parent\" data-id=\"2010afa\" data-element_type=\"container\" data-e-type=\"container\">\n\t\t\t\t\t<div class=\"e-con-inner\">\n\t\t\r\n\t\t<div class=\"elementor-element elementor-element-73ed13e elementor-widget elementor-widget-realarblog\" data-id=\"73ed13e\" data-element_type=\"widget\" data-e-type=\"widget\" data-widget_type=\"realarblog.default\">\n\t\t\t\t<div class=\"elementor-widget-container\">\n\t\t\t\t\t<div class=\"slider-area blog-slider2\"><div class=\"swiper th-slider\" id=\"blogSlider2\" data-slider-options='{\"breakpoints\":{\"0\":{\"slidesPerView\":1},\"576\":{\"slidesPerView\":\"1\"},\"768\":{\"slidesPerView\":\"2\"},\"992\":{\"slidesPerView\":\"2\"},\"1200\":{\"slidesPerView\":\"2\"}}}'><div class=\"swiper-wrapper\"><div class=\"swiper-slide\"><div class=\"blog-card style2\"><div class=\"blog-img\"><img fetchpriority=\"high\" decoding=\"async\" width=\"636\" height=\"300\" src=\"https:\/\/maximrealestate.es\/wp-content\/uploads\/2025\/07\/COB850808-636x300.jpg\" class=\"attachment-realar_636X300 size-realar_636X300 wp-post-image\" alt=\"\" \/><\/div><div class=\"blog-content\"><div class=\"blog-meta\"><a href=\"https:\/\/maximrealestate.es\/cs\/2025\/07\/02\/\">\u010cvc 02, 2025<\/a><a href=\"https:\/\/maximrealestate.es\/cs\/2025\/07\/02\/top-5-mistakes-foreign-buyers-make-when-purchasing-property-in-spain-and-how-to-avoid-them\/\">2 min read<\/a><\/div><h3 class=\"box-title\"><a href=\"https:\/\/maximrealestate.es\/cs\/2025\/07\/02\/top-5-mistakes-foreign-buyers-make-when-purchasing-property-in-spain-and-how-to-avoid-them\/\">Top 5 Mistakes Foreign Buyers Make<\/a><\/h3><a href=\"https:\/\/maximrealestate.es\/cs\/2025\/07\/02\/top-5-mistakes-foreign-buyers-make-when-purchasing-property-in-spain-and-how-to-avoid-them\/\" class=\"th-btn style-border th-btn-icon\">P\u0159e\u010dt\u011bte si v\u00edce<\/a><\/div><\/div><\/div><div class=\"swiper-slide\"><div class=\"blog-card style2\"><div class=\"blog-img\"><img decoding=\"async\" width=\"636\" height=\"300\" src=\"https:\/\/maximrealestate.es\/wp-content\/uploads\/2025\/07\/COB695634-636x300.jpg\" class=\"attachment-realar_636X300 size-realar_636X300 wp-post-image\" alt=\"\" \/><\/div><div class=\"blog-content\"><div class=\"blog-meta\"><a href=\"https:\/\/maximrealestate.es\/cs\/2025\/07\/02\/\">\u010cvc 02, 2025<\/a><a href=\"https:\/\/maximrealestate.es\/cs\/2025\/07\/02\/why-now-is-the-best-time-to-buy-property-in-spain\/\">2 min read<\/a><\/div><h3 class=\"box-title\"><a href=\"https:\/\/maximrealestate.es\/cs\/2025\/07\/02\/why-now-is-the-best-time-to-buy-property-in-spain\/\">Why Now Is the Best Time<\/a><\/h3><a href=\"https:\/\/maximrealestate.es\/cs\/2025\/07\/02\/why-now-is-the-best-time-to-buy-property-in-spain\/\" class=\"th-btn style-border th-btn-icon\">P\u0159e\u010dt\u011bte si v\u00edce<\/a><\/div><\/div><\/div><div class=\"swiper-slide\"><div class=\"blog-card style2\"><div class=\"blog-img\"><img decoding=\"async\" width=\"636\" height=\"300\" src=\"https:\/\/maximrealestate.es\/wp-content\/uploads\/2024\/06\/Untitled-1-636x300.png\" class=\"attachment-realar_636X300 size-realar_636X300 wp-post-image\" alt=\"\" \/><\/div><div class=\"blog-content\"><div class=\"blog-meta\"><a href=\"https:\/\/maximrealestate.es\/cs\/2024\/06\/09\/\">\u010cvn 09, 2024<\/a><a href=\"https:\/\/maximrealestate.es\/cs\/2024\/06\/09\/emphasizes-the-importance-of-continuous-learning-and-intellectual\/\">3 min read<\/a><\/div><h3 class=\"box-title\"><a href=\"https:\/\/maximrealestate.es\/cs\/2024\/06\/09\/emphasizes-the-importance-of-continuous-learning-and-intellectual\/\">Emphasizes the importance of continuous learning<\/a><\/h3><a href=\"https:\/\/maximrealestate.es\/cs\/2024\/06\/09\/emphasizes-the-importance-of-continuous-learning-and-intellectual\/\" class=\"th-btn style-border th-btn-icon\">P\u0159e\u010dt\u011bte si v\u00edce<\/a><\/div><\/div><\/div><div class=\"swiper-slide\"><div class=\"blog-card style2\"><div class=\"blog-img\"><img loading=\"lazy\" decoding=\"async\" width=\"636\" height=\"300\" src=\"https:\/\/maximrealestate.es\/wp-content\/uploads\/2024\/04\/blog-s-1-2-636x300.png\" class=\"attachment-realar_636X300 size-realar_636X300 wp-post-image\" alt=\"\" \/><\/div><div class=\"blog-content\"><div class=\"blog-meta\"><a href=\"https:\/\/maximrealestate.es\/cs\/2024\/04\/17\/\">Dub 17, 2024<\/a><a href=\"https:\/\/maximrealestate.es\/cs\/2024\/04\/17\/university-class-starting-soon-while-the-lovely-valley-team-work\/\">3 min read<\/a><\/div><h3 class=\"box-title\"><a href=\"https:\/\/maximrealestate.es\/cs\/2024\/04\/17\/university-class-starting-soon-while-the-lovely-valley-team-work\/\">University class starting soon while the<\/a><\/h3><a href=\"https:\/\/maximrealestate.es\/cs\/2024\/04\/17\/university-class-starting-soon-while-the-lovely-valley-team-work\/\" class=\"th-btn style-border th-btn-icon\">P\u0159e\u010dt\u011bte si v\u00edce<\/a><\/div><\/div><\/div><div class=\"swiper-slide\"><div class=\"blog-card style2\"><div class=\"blog-img\"><img loading=\"lazy\" decoding=\"async\" width=\"636\" height=\"300\" src=\"https:\/\/maximrealestate.es\/wp-content\/uploads\/2024\/04\/blog-s-1-3-636x300.png\" class=\"attachment-realar_636X300 size-realar_636X300 wp-post-image\" alt=\"\" \/><\/div><div class=\"blog-content\"><div class=\"blog-meta\"><a href=\"https:\/\/maximrealestate.es\/cs\/2024\/04\/17\/\">Dub 17, 2024<\/a><a href=\"https:\/\/maximrealestate.es\/cs\/2024\/04\/17\/enrich-your-mind-envision-your-future-education-for-success\/\">3 min read<\/a><\/div><h3 class=\"box-title\"><a href=\"https:\/\/maximrealestate.es\/cs\/2024\/04\/17\/enrich-your-mind-envision-your-future-education-for-success\/\">Enrich Your Mind Envision Your Future<\/a><\/h3><a href=\"https:\/\/maximrealestate.es\/cs\/2024\/04\/17\/enrich-your-mind-envision-your-future-education-for-success\/\" class=\"th-btn style-border th-btn-icon\">P\u0159e\u010dt\u011bte si v\u00edce<\/a><\/div><\/div><\/div><div class=\"swiper-slide\"><div class=\"blog-card style2\"><div class=\"blog-img\"><img loading=\"lazy\" decoding=\"async\" width=\"636\" height=\"300\" src=\"https:\/\/maximrealestate.es\/wp-content\/uploads\/2024\/04\/blog_1_1-636x300.png\" class=\"attachment-realar_636X300 size-realar_636X300 wp-post-image\" alt=\"\" \/><\/div><div class=\"blog-content\"><div class=\"blog-meta\"><a href=\"https:\/\/maximrealestate.es\/cs\/2024\/03\/17\/\">B\u0159e 17, 2024<\/a><a href=\"https:\/\/maximrealestate.es\/cs\/2024\/03\/17\/discover-unparalleled-expertise-in-market-2\/\">3 min read<\/a><\/div><h3 class=\"box-title\"><a href=\"https:\/\/maximrealestate.es\/cs\/2024\/03\/17\/discover-unparalleled-expertise-in-market-2\/\">Dynamically simplify superior human capital Relar<\/a><\/h3><a href=\"https:\/\/maximrealestate.es\/cs\/2024\/03\/17\/discover-unparalleled-expertise-in-market-2\/\" class=\"th-btn style-border th-btn-icon\">P\u0159e\u010dt\u011bte si v\u00edce<\/a><\/div><\/div><\/div><\/div><\/div><\/div>\t\t\t\t<\/div>\n\t\t\t\t<\/div>\n\t\t\t\t\t<\/div>\n\t\t\t\t<\/div>\n\t\t\t\t<\/div>","protected":false},"excerpt":{"rendered":"<p>Jul 02, 20252 min read Top 5 Mistakes Foreign Buyers Make Read MoreJul 02, 20252 min read Why Now Is the Best Time Read More<\/p>","protected":false},"author":1,"featured_media":0,"parent":0,"menu_order":0,"comment_status":"closed","ping_status":"closed","template":"","meta":{"footnotes":""},"class_list":["post-4056","page","type-page","status-publish","hentry","th-blog blog-single has-post-thumbnail"],"_links":{"self":[{"href":"https:\/\/maximrealestate.es\/cs\/wp-json\/wp\/v2\/pages\/4056","targetHints":{"allow":["GET"]}}],"collection":[{"href":"https:\/\/maximrealestate.es\/cs\/wp-json\/wp\/v2\/pages"}],"about":[{"href":"https:\/\/maximrealestate.es\/cs\/wp-json\/wp\/v2\/types\/page"}],"author":[{"embeddable":true,"href":"https:\/\/maximrealestate.es\/cs\/wp-json\/wp\/v2\/users\/1"}],"replies":[{"embeddable":true,"href":"https:\/\/maximrealestate.es\/cs\/wp-json\/wp\/v2\/comments?post=4056"}],"version-history":[{"count":13,"href":"https:\/\/maximrealestate.es\/cs\/wp-json\/wp\/v2\/pages\/4056\/revisions"}],"predecessor-version":[{"id":4104,"href":"https:\/\/maximrealestate.es\/cs\/wp-json\/wp\/v2\/pages\/4056\/revisions\/4104"}],"wp:attachment":[{"href":"https:\/\/maximrealestate.es\/cs\/wp-json\/wp\/v2\/media?parent=4056"}],"curies":[{"name":"wp","href":"https:\/\/api.w.org\/{rel}","templated":true}]}}