{"id":1398,"date":"2024-05-27T08:12:04","date_gmt":"2024-05-27T08:12:04","guid":{"rendered":"https:\/\/wordpress.themeholy.com\/realar\/?page_id=1398"},"modified":"2025-07-02T11:01:14","modified_gmt":"2025-07-02T11:01:14","slug":"about-us","status":"publish","type":"page","link":"https:\/\/maximrealestate.es\/cs\/about-us\/","title":{"rendered":"O n\u00e1s"},"content":{"rendered":"<div data-elementor-type=\"wp-page\" data-elementor-id=\"1398\" class=\"elementor elementor-1398\">\n\t\t\t\t<div class=\"elementor-element elementor-element-e3f98b6 e-flex e-con-boxed e-con e-parent\" data-id=\"e3f98b6\" data-element_type=\"container\" data-e-type=\"container\">\n\t\t\t\t\t<div class=\"e-con-inner\">\n\t\t\t\t<div class=\"elementor-element elementor-element-61f2a17 elementor-widget elementor-widget-spacer\" data-id=\"61f2a17\" data-element_type=\"widget\" data-e-type=\"widget\" data-widget_type=\"spacer.default\">\n\t\t\t\t<div class=\"elementor-widget-container\">\n\t\t\t\t\t\t\t<div class=\"elementor-spacer\">\n\t\t\t<div class=\"elementor-spacer-inner\"><\/div>\n\t\t<\/div>\n\t\t\t\t\t\t<\/div>\n\t\t\t\t<\/div>\n\t\t\t\t\t<\/div>\n\t\t\t\t<\/div>\n\t\t<div class=\"elementor-element elementor-element-478a098 e-flex e-con-boxed e-con e-parent\" data-id=\"478a098\" data-element_type=\"container\" data-e-type=\"container\">\n\t\t\t\t\t<div class=\"e-con-inner\">\n\t\t\r\n\t\t<div class=\"elementor-element elementor-element-d455545 elementor-widget elementor-widget-realarsectiontitle\" data-id=\"d455545\" data-element_type=\"widget\" data-e-type=\"widget\" data-widget_type=\"realarsectiontitle.default\">\n\t\t\t\t<div class=\"elementor-widget-container\">\n\t\t\t\t\t\t\t<div class=\"title-area text-left\">\r\n\t\t\t<span class=\"shadow-title common-title\">Who we are?<\/span><h2 class=\"sec-title\">Seznamte se s na\u0161\u00edm t\u00fdmem<\/h2><p>Trusted Professionals. Personal Approach.\n\nBehind every successful property journey is a team that listens, understands, and delivers.We\u2019re not just agents \u2014 we\u2019re your advocates, advisors, and partners in finding the right property for your lifestyle or investment goals.<\/p>\t\t<\/div>\r\n\r\n\t\t\t\t\t<\/div>\n\t\t\t\t<\/div>\n\t\t\t\t\t<\/div>\n\t\t\t\t<\/div>\n\t\t<div class=\"elementor-element elementor-element-a455018 e-flex e-con-boxed e-con e-parent\" data-id=\"a455018\" data-element_type=\"container\" data-e-type=\"container\">\n\t\t\t\t\t<div class=\"e-con-inner\">\n\t\t\t\t<div class=\"elementor-element elementor-element-ea9d3db elementor-widget elementor-widget-realarteam\" data-id=\"ea9d3db\" data-element_type=\"widget\" data-e-type=\"widget\" data-widget_type=\"realarteam.default\">\n\t\t\t\t<div class=\"elementor-widget-container\">\n\t\t\t\t\t<div class=\"swiper th-slider team-slider1\" id=\"teamSlider1\" data-slider-options='{\"breakpoints\":{\"0\":{\"slidesPerView\":1},\"576\":{\"slidesPerView\":\"1\"},\"768\":{\"slidesPerView\":\"2\"},\"992\":{\"slidesPerView\":\"2\"},\"1200\":{\"slidesPerView\":\"3\"}}}'><div class=\"swiper-wrapper\"><!-- Single Item --><div class=\"swiper-slide\"><div class=\"th-team team-card\"><div class=\"img-wrap\"><div class=\"team-img\" data-mask-src=\"https:\/\/maximrealestate.es\/wp-content\/plugins\/realar-core\/assets\/img\/team-shape1.png\"><img decoding=\"async\" src=\"https:\/\/maximrealestate.es\/wp-content\/uploads\/2024\/11\/photo_2024-11-22_15-43-37.jpg\" alt=\"photo_2024 11 22_15 43 37\"  \/><\/div><\/div><div class=\"team-card-content\"><div class=\"media\"><div class=\"media-left\"><h3 class=\"box-title title\"><a href=\"\">Cristina Maxim<\/a><\/h3><span class=\"team-desig desig\">Mana\u017eer, odborn\u00edk na nemovitosti<\/span><\/div><div class=\"media-body\"><a class=\"icon-btn\" href=\"tel:+34 614 34 47 87\"><img decoding=\"async\" src=\"https:\/\/maximrealestate.es\/wp-content\/plugins\/elementor\/assets\/images\/placeholder.png\" alt=\"img\"><\/a><\/div><\/div><div class=\"th-social\"><a  href=\"#\"><i class=\"fab fa-facebook-f\"><\/i><\/a><a  href=\"#\"><i class=\"fab fa-instagram\"><\/i><\/a><\/div><\/div><\/div><\/div><!-- Single Item --><div class=\"swiper-slide\"><div class=\"th-team team-card\"><div class=\"img-wrap\"><div class=\"team-img\" data-mask-src=\"https:\/\/maximrealestate.es\/wp-content\/plugins\/realar-core\/assets\/img\/team-shape1.png\"><img decoding=\"async\" src=\"https:\/\/maximrealestate.es\/wp-content\/uploads\/2024\/11\/IMG_5095.jpg\" alt=\"IMG_5095\"  \/><\/div><\/div><div class=\"team-card-content\"><div class=\"media\"><div class=\"media-left\"><h3 class=\"box-title title\"><a href=\"\">Maria Tkach<\/a><\/h3><span class=\"team-desig desig\">Konzultant<\/span><\/div><div class=\"media-body\"><a class=\"icon-btn\" href=\"tel:+420 735 877 380\"><img decoding=\"async\" src=\"https:\/\/maximrealestate.es\/wp-content\/plugins\/elementor\/assets\/images\/placeholder.png\" alt=\"img\"><\/a><\/div><\/div><div class=\"th-social\"><\/div><\/div><\/div><\/div><\/div><div class=\"slider-pagination\"><\/div><button data-slider-prev=\"#teamSlider1\" class=\"slider-arrow slider-prev\"><img decoding=\"async\" src=\"https:\/\/maximrealestate.es\/wp-content\/plugins\/realar-core\/assets\/img\/arrow-left.svg\" alt=\"icon\"><\/button><button data-slider-next=\"#teamSlider1\" class=\"slider-arrow slider-next\"><img decoding=\"async\" src=\"https:\/\/maximrealestate.es\/wp-content\/plugins\/realar-core\/assets\/img\/arrow-right.svg\" alt=\"icon\"><\/button><\/div>\t\t\t\t<\/div>\n\t\t\t\t<\/div>\n\t\t\t\t\t<\/div>\n\t\t\t\t<\/div>\n\t\t<div class=\"elementor-element elementor-element-193c9d0 e-con-full e-flex e-con e-parent\" data-id=\"193c9d0\" data-element_type=\"container\" data-e-type=\"container\" data-settings=\"{&quot;background_background&quot;:&quot;classic&quot;}\">\n\t\t<div class=\"elementor-element elementor-element-5ba1d7f e-flex e-con-boxed e-con e-child\" data-id=\"5ba1d7f\" data-element_type=\"container\" data-e-type=\"container\">\n\t\t\t\t\t<div class=\"e-con-inner\">\n\t\t<div class=\"elementor-element elementor-element-cc22b05 e-con-full e-flex e-con e-child\" data-id=\"cc22b05\" data-element_type=\"container\" data-e-type=\"container\">\n\t\t\t\t<div class=\"elementor-element elementor-element-bb04605 elementor-widget elementor-widget-realarsectiontitle\" data-id=\"bb04605\" data-element_type=\"widget\" data-e-type=\"widget\" data-widget_type=\"realarsectiontitle.default\">\n\t\t\t\t<div class=\"elementor-widget-container\">\n\t\t\t\t\t\t\t<div class=\"title-area text-left  mb-32\">\r\n\t\t\t<h2 class=\"sec-title style2\">Redefining the Real Estate Experience\n<\/h2><p class=\"sec-text\">Maxim Prime Real Estate is a boutique real estate agency helping international clients buy premium property in Spain \u2014 with confidence, clarity, and a personal touch.\n\nWe believe real estate is more than just square meters. It\u2019s a lifestyle, an investment, a long-term decision. That\u2019s why we combine expert market knowledge with human-centered guidance, giving you a smooth, honest, and rewarding experience.                            <p class=\"text-theme\"><\/p><\/p>\t\t<\/div>\r\n\r\n\t\t\t\t\t<\/div>\n\t\t\t\t<\/div>\n\t\t\t\t<\/div>\n\t\t<div class=\"elementor-element elementor-element-ca89346 e-con-full e-flex e-con e-child\" data-id=\"ca89346\" data-element_type=\"container\" data-e-type=\"container\" data-settings=\"{&quot;background_background&quot;:&quot;classic&quot;}\">\n\t\t\t\t<div class=\"elementor-element elementor-element-00b54a6 elementor-widget elementor-widget-realarvideo\" data-id=\"00b54a6\" data-element_type=\"widget\" data-e-type=\"widget\" data-widget_type=\"realarvideo.default\">\n\t\t\t\t<div class=\"elementor-widget-container\">\n\t\t\t\t\t<div class=\"img-box3\"><div class=\"img1\"><img decoding=\"async\" src=\"https:\/\/maximrealestate.es\/wp-content\/uploads\/2025\/07\/COB850808.jpg\" alt=\"About\"><\/div><div class=\"about-tag\"><div class=\"about-experience-tag\"><span class=\"circle-title-anime\">OUR TIKTOK ACCOUNT<\/span><\/div><a href=\"https:\/\/www.tiktok.com\/@max.iberia?_t=ZS-8xfflxdi3TG&#038;_r=1\" class=\"play-btn popup-video\"><i class=\"fa-sharp fa-solid fa-play\"><\/i><\/a><\/div><\/div>\t\t\t\t<\/div>\n\t\t\t\t<\/div>\n\t\t\t\t<\/div>\n\t\t\t\t\t<\/div>\n\t\t\t\t<\/div>\n\t\t<div class=\"elementor-element elementor-element-6e88f79 e-flex e-con-boxed e-con e-child\" data-id=\"6e88f79\" data-element_type=\"container\" data-e-type=\"container\">\n\t\t\t\t\t<div class=\"e-con-inner\">\n\t\t<div class=\"elementor-element elementor-element-e41ae7a e-con-full img-box3 e-flex e-con e-child\" data-id=\"e41ae7a\" data-element_type=\"container\" data-e-type=\"container\">\n\t\t\t\t<div class=\"elementor-element elementor-element-795a251 elementor-widget elementor-widget-realarcounterup\" data-id=\"795a251\" data-element_type=\"widget\" data-e-type=\"widget\" data-widget_type=\"realarcounterup.default\">\n\t\t\t\t<div class=\"elementor-widget-container\">\n\t\t\t\t\t<div class=\"counter-card-wrap space\"><div class=\"counter-card style2\"><div class=\"media-body\"><h2 class=\"box-number\"><span class=\"counter-number num\">20+<\/span><\/h2><p class=\"box-text desc\">Satisfied Clients<\/p><\/div><\/div><div class=\"counter-card style2\"><div class=\"media-body\"><h2 class=\"box-number\"><span class=\"counter-number num\">1000+<\/span><\/h2><p class=\"box-text desc\">Exclusive Properties<\/p><\/div><\/div><div class=\"counter-card style2\"><div class=\"media-body\"><h2 class=\"box-number\"><span class=\"counter-number num\">200+<\/span><\/h2><p class=\"box-text desc\">Partners Around the World<\/p><\/div><\/div><\/div>\t\t\t\t<\/div>\n\t\t\t\t<\/div>\n\t\t\t\t<\/div>\n\t\t<div class=\"elementor-element elementor-element-50b97ef e-con-full e-flex e-con e-child\" data-id=\"50b97ef\" data-element_type=\"container\" data-e-type=\"container\">\n\t\t\t\t<div class=\"elementor-element elementor-element-e28b06d elementor-widget elementor-widget-text-editor\" data-id=\"e28b06d\" data-element_type=\"widget\" data-e-type=\"widget\" data-widget_type=\"text-editor.default\">\n\t\t\t\t<div class=\"elementor-widget-container\">\n\t\t\t\t\t\t\t\t\t<p class=\"p1\"><b>Who We Work With<\/b><\/p>\n<p class=\"p3\"><b>For Buyers. For Investors. For Dreamers.<\/b><\/p>\n<p class=\"p4\">We work with individuals and families looking for:<\/p>\n<ul>\n<li>\n<p class=\"p1\">A second home or vacation property<\/p>\n<\/li>\n<li>\n<p class=\"p1\">A smart, long-term investment<\/p>\n<\/li>\n<li>\n<p class=\"p1\">Relocation to the Mediterranean<\/p>\n<\/li>\n<li>\n<p class=\"p1\">Safe and simple property ownership abroad<\/p>\n<\/li>\n<\/ul>\n<p class=\"p4\">Our team offers multilingual support, local partnerships, and clear communication \u2014 so you\u2019re never alone in the process.g<\/p>\t\t\t\t\t\t\t\t<\/div>\n\t\t\t\t<\/div>\n\t\t\t\t<div class=\"elementor-element elementor-element-26a0530 img1 elementor-widget elementor-widget-image\" data-id=\"26a0530\" data-element_type=\"widget\" data-e-type=\"widget\" data-widget_type=\"image.default\">\n\t\t\t\t<div class=\"elementor-widget-container\">\n\t\t\t\t\t\t\t\t\t\t\t\t\t\t\t<img fetchpriority=\"high\" decoding=\"async\" width=\"751\" height=\"422\" src=\"https:\/\/maximrealestate.es\/wp-content\/uploads\/2025\/07\/COB695636-1024x576.jpg\" class=\"attachment-large size-large wp-image-3997\" alt=\"\" srcset=\"https:\/\/maximrealestate.es\/wp-content\/uploads\/2025\/07\/COB695636-1024x576.jpg 1024w, https:\/\/maximrealestate.es\/wp-content\/uploads\/2025\/07\/COB695636-18x10.jpg 18w, https:\/\/maximrealestate.es\/wp-content\/uploads\/2025\/07\/COB695636-300x169.jpg 300w, https:\/\/maximrealestate.es\/wp-content\/uploads\/2025\/07\/COB695636-768x432.jpg 768w, https:\/\/maximrealestate.es\/wp-content\/uploads\/2025\/07\/COB695636-1536x864.jpg 1536w, https:\/\/maximrealestate.es\/wp-content\/uploads\/2025\/07\/COB695636-600x338.jpg 600w, https:\/\/maximrealestate.es\/wp-content\/uploads\/2025\/07\/COB695636.jpg 1920w\" sizes=\"(max-width: 751px) 100vw, 751px\" \/>\t\t\t\t\t\t\t\t\t\t\t\t\t\t\t<\/div>\n\t\t\t\t<\/div>\n\t\t\t\t<\/div>\n\t\t\t\t\t<\/div>\n\t\t\t\t<\/div>\n\t\t\t\t<\/div>\n\t\t\t\t<\/div>","protected":false},"excerpt":{"rendered":"<p>Who we are? Meet Our Team Trusted Professionals. Personal Approach. Behind every successful property journey is a team that listens, understands, and delivers.We\u2019re not just agents \u2014 we\u2019re your advocates, advisors, and partners in finding the right property for your lifestyle or investment goals. Cristina Maxim Manager, Property Expert Maria Tkach Consultant Redefining the Real&#8230;<\/p>","protected":false},"author":1,"featured_media":0,"parent":0,"menu_order":0,"comment_status":"closed","ping_status":"closed","template":"elementor_header_footer","meta":{"footnotes":""},"class_list":["post-1398","page","type-page","status-publish","hentry"],"_links":{"self":[{"href":"https:\/\/maximrealestate.es\/cs\/wp-json\/wp\/v2\/pages\/1398","targetHints":{"allow":["GET"]}}],"collection":[{"href":"https:\/\/maximrealestate.es\/cs\/wp-json\/wp\/v2\/pages"}],"about":[{"href":"https:\/\/maximrealestate.es\/cs\/wp-json\/wp\/v2\/types\/page"}],"author":[{"embeddable":true,"href":"https:\/\/maximrealestate.es\/cs\/wp-json\/wp\/v2\/users\/1"}],"replies":[{"embeddable":true,"href":"https:\/\/maximrealestate.es\/cs\/wp-json\/wp\/v2\/comments?post=1398"}],"version-history":[{"count":70,"href":"https:\/\/maximrealestate.es\/cs\/wp-json\/wp\/v2\/pages\/1398\/revisions"}],"predecessor-version":[{"id":4095,"href":"https:\/\/maximrealestate.es\/cs\/wp-json\/wp\/v2\/pages\/1398\/revisions\/4095"}],"wp:attachment":[{"href":"https:\/\/maximrealestate.es\/cs\/wp-json\/wp\/v2\/media?parent=1398"}],"curies":[{"name":"wp","href":"https:\/\/api.w.org\/{rel}","templated":true}]}}